{"id":445,"date":"2019-06-11T03:54:44","date_gmt":"2019-06-11T03:54:44","guid":{"rendered":"http:\/\/inasmecsas.com\/?page_id=445"},"modified":"2019-06-11T05:28:06","modified_gmt":"2019-06-11T05:28:06","slug":"sector-metalmecanico","status":"publish","type":"page","link":"https:\/\/inasmecsas.com\/index.php\/sector-metalmecanico\/","title":{"rendered":"Sector Metalmecanico"},"content":{"rendered":"\t\t<div data-elementor-type=\"wp-post\" data-elementor-id=\"445\" class=\"elementor elementor-445\">\n\t\t\t\t\t\t<section class=\"elementor-section elementor-top-section elementor-element elementor-element-2dc5300 elementor-section-boxed elementor-section-height-default elementor-section-height-default\" data-id=\"2dc5300\" data-element_type=\"section\">\n\t\t\t\t\t\t<div class=\"elementor-container elementor-column-gap-default\">\n\t\t\t\t\t<div class=\"elementor-column elementor-col-50 elementor-top-column elementor-element elementor-element-f4bc302\" data-id=\"f4bc302\" data-element_type=\"column\">\n\t\t\t<div class=\"elementor-widget-wrap elementor-element-populated\">\n\t\t\t\t\t\t<div class=\"elementor-element elementor-element-551ac14 elementor-widget elementor-widget-image\" data-id=\"551ac14\" data-element_type=\"widget\" data-widget_type=\"image.default\">\n\t\t\t\t<div class=\"elementor-widget-container\">\n\t\t\t\t\t\t\t\t\t\t\t\t\t<img decoding=\"async\" width=\"144\" height=\"119\" src=\"https:\/\/inasmecsas.com\/wp-content\/uploads\/2019\/05\/small-logo.png\" class=\"attachment-large size-large wp-image-22\" alt=\"\" \/>\t\t\t\t\t\t\t\t\t\t\t\t\t<\/div>\n\t\t\t\t<\/div>\n\t\t\t\t\t<\/div>\n\t\t<\/div>\n\t\t\t\t<div class=\"elementor-column elementor-col-50 elementor-top-column elementor-element elementor-element-d972265\" data-id=\"d972265\" data-element_type=\"column\">\n\t\t\t<div class=\"elementor-widget-wrap\">\n\t\t\t\t\t\t\t<\/div>\n\t\t<\/div>\n\t\t\t\t\t<\/div>\n\t\t<\/section>\n\t\t\t\t<section class=\"elementor-section elementor-top-section elementor-element elementor-element-a0882d4 elementor-section-boxed elementor-section-height-default elementor-section-height-default\" data-id=\"a0882d4\" data-element_type=\"section\">\n\t\t\t\t\t\t<div class=\"elementor-container elementor-column-gap-default\">\n\t\t\t\t\t<div class=\"elementor-column elementor-col-100 elementor-top-column elementor-element elementor-element-38ce50d\" data-id=\"38ce50d\" data-element_type=\"column\">\n\t\t\t<div class=\"elementor-widget-wrap elementor-element-populated\">\n\t\t\t\t\t\t<div class=\"elementor-element elementor-element-4278bbb elementor-widget elementor-widget-spacer\" data-id=\"4278bbb\" data-element_type=\"widget\" data-widget_type=\"spacer.default\">\n\t\t\t\t<div class=\"elementor-widget-container\">\n\t\t\t\t\t<div class=\"elementor-spacer\">\n\t\t\t<div class=\"elementor-spacer-inner\"><\/div>\n\t\t<\/div>\n\t\t\t\t<\/div>\n\t\t\t\t<\/div>\n\t\t\t\t\t<\/div>\n\t\t<\/div>\n\t\t\t\t\t<\/div>\n\t\t<\/section>\n\t\t\t\t<section class=\"elementor-section elementor-top-section elementor-element elementor-element-03cf8d3 elementor-section-boxed elementor-section-height-default elementor-section-height-default\" data-id=\"03cf8d3\" data-element_type=\"section\">\n\t\t\t\t\t\t<div class=\"elementor-container elementor-column-gap-default\">\n\t\t\t\t\t<div class=\"elementor-column elementor-col-100 elementor-top-column elementor-element elementor-element-d9c2e47\" data-id=\"d9c2e47\" data-element_type=\"column\">\n\t\t\t<div class=\"elementor-widget-wrap elementor-element-populated\">\n\t\t\t\t\t\t<div class=\"elementor-element elementor-element-4b26b92 elementor-widget elementor-widget-text-editor\" data-id=\"4b26b92\" data-element_type=\"widget\" data-widget_type=\"text-editor.default\">\n\t\t\t\t<div class=\"elementor-widget-container\">\n\t\t\t\t\t\t\t<p><span style=\"font-family: helvetica, arial, sans-serif; font-size: 18pt;\"><strong>BANDAS TRANSPORTADORAS<\/strong><\/span><\/p><p><strong>\u00a0<\/strong><\/p><p><span style=\"font-family: helvetica, arial, sans-serif; font-size: 14pt;\"><strong>Fabricamos bandas transportadoras modulares accesorios innovadores en Acero Inoxidable,\u00a0 Hierro, Pl\u00e1stico y en el material que se requiera. Resistentes a la corrosi\u00f3n, accionamiento positivo, Alta resistencia, baja fricci\u00f3n, resistencia a la abrasi\u00f3n Por gran variedad de empujadores, guardas laterales y accesorios.<\/strong><\/span><\/p><p><span style=\"font-family: helvetica, arial, sans-serif; font-size: 14pt;\"><b style=\"font-family: helvetica, arial, sans-serif; font-size: 14pt;\">Las bandas y componentes se fabrican con distintos materiales, cada uno con propiedades y caracter\u00edsticas propias que se <\/b><span style=\"font-family: helvetica, arial, sans-serif;\"><span style=\"font-size: 18.6667px;\"><b>adecuan<\/b><\/span><\/span><b style=\"font-family: helvetica, arial, sans-serif; font-size: 14pt;\"> a las necesidades de todas las aplicaciones. Usadas ampliamente en industria farmac\u00e9utica, alimentos, textil, entre otras.<\/b><\/span><\/p>\t\t\t\t\t\t<\/div>\n\t\t\t\t<\/div>\n\t\t\t\t\t<\/div>\n\t\t<\/div>\n\t\t\t\t\t<\/div>\n\t\t<\/section>\n\t\t\t\t<\/div>\n\t\t","protected":false},"excerpt":{"rendered":"<p>Inicio Sector Metalmecanico Sector Textilero Sector Petrolero y Energ\u00e9tico Sector Alimenticio BANDAS TRANSPORTADORAS \u00a0 Fabricamos bandas transportadoras modulares accesorios innovadores en Acero [&hellip;]<\/p>\n","protected":false},"author":1,"featured_media":0,"parent":0,"menu_order":0,"comment_status":"closed","ping_status":"closed","template":"elementor_canvas","meta":{"footnotes":""},"yoast_head":"<!-- This site is optimized with the Yoast SEO plugin v22.5 - https:\/\/yoast.com\/wordpress\/plugins\/seo\/ -->\n<title>Sector Metalmecanico | Inasmec SAS<\/title>\n<meta name=\"robots\" content=\"index, follow, max-snippet:-1, max-image-preview:large, max-video-preview:-1\" \/>\n<link rel=\"canonical\" href=\"https:\/\/inasmecsas.com\/index.php\/sector-metalmecanico\/\" \/>\n<meta property=\"og:locale\" content=\"es_ES\" \/>\n<meta property=\"og:type\" content=\"article\" \/>\n<meta property=\"og:title\" content=\"Sector Metalmecanico | Inasmec SAS\" \/>\n<meta property=\"og:description\" content=\"Inicio Sector Metalmecanico Sector Textilero Sector Petrolero y Energ\u00e9tico Sector Alimenticio BANDAS TRANSPORTADORAS \u00a0 Fabricamos bandas transportadoras modulares accesorios innovadores en Acero [&hellip;]\" \/>\n<meta property=\"og:url\" content=\"https:\/\/inasmecsas.com\/index.php\/sector-metalmecanico\/\" \/>\n<meta property=\"og:site_name\" content=\"Inasmec SAS\" \/>\n<meta property=\"article:modified_time\" content=\"2019-06-11T05:28:06+00:00\" \/>\n<meta property=\"og:image\" content=\"http:\/\/inasmecsas.com\/wp-content\/uploads\/2019\/05\/small-logo.png\" \/>\n<meta name=\"twitter:card\" content=\"summary_large_image\" \/>\n<script type=\"application\/ld+json\" class=\"yoast-schema-graph\">{\"@context\":\"https:\/\/schema.org\",\"@graph\":[{\"@type\":\"WebPage\",\"@id\":\"https:\/\/inasmecsas.com\/index.php\/sector-metalmecanico\/\",\"url\":\"https:\/\/inasmecsas.com\/index.php\/sector-metalmecanico\/\",\"name\":\"Sector Metalmecanico | Inasmec SAS\",\"isPartOf\":{\"@id\":\"https:\/\/inasmecsas.com\/#website\"},\"primaryImageOfPage\":{\"@id\":\"https:\/\/inasmecsas.com\/index.php\/sector-metalmecanico\/#primaryimage\"},\"image\":{\"@id\":\"https:\/\/inasmecsas.com\/index.php\/sector-metalmecanico\/#primaryimage\"},\"thumbnailUrl\":\"http:\/\/inasmecsas.com\/wp-content\/uploads\/2019\/05\/small-logo.png\",\"datePublished\":\"2019-06-11T03:54:44+00:00\",\"dateModified\":\"2019-06-11T05:28:06+00:00\",\"breadcrumb\":{\"@id\":\"https:\/\/inasmecsas.com\/index.php\/sector-metalmecanico\/#breadcrumb\"},\"inLanguage\":\"es-CO\",\"potentialAction\":[{\"@type\":\"ReadAction\",\"target\":[\"https:\/\/inasmecsas.com\/index.php\/sector-metalmecanico\/\"]}]},{\"@type\":\"ImageObject\",\"inLanguage\":\"es-CO\",\"@id\":\"https:\/\/inasmecsas.com\/index.php\/sector-metalmecanico\/#primaryimage\",\"url\":\"https:\/\/inasmecsas.com\/wp-content\/uploads\/2019\/05\/small-logo.png\",\"contentUrl\":\"https:\/\/inasmecsas.com\/wp-content\/uploads\/2019\/05\/small-logo.png\",\"width\":144,\"height\":119},{\"@type\":\"BreadcrumbList\",\"@id\":\"https:\/\/inasmecsas.com\/index.php\/sector-metalmecanico\/#breadcrumb\",\"itemListElement\":[{\"@type\":\"ListItem\",\"position\":1,\"name\":\"Home\",\"item\":\"https:\/\/inasmecsas.com\/\"},{\"@type\":\"ListItem\",\"position\":2,\"name\":\"Sector Metalmecanico\"}]},{\"@type\":\"WebSite\",\"@id\":\"https:\/\/inasmecsas.com\/#website\",\"url\":\"https:\/\/inasmecsas.com\/\",\"name\":\"Inasmec SAS\",\"description\":\"Just another WordPress site\",\"potentialAction\":[{\"@type\":\"SearchAction\",\"target\":{\"@type\":\"EntryPoint\",\"urlTemplate\":\"https:\/\/inasmecsas.com\/?s={search_term_string}\"},\"query-input\":\"required name=search_term_string\"}],\"inLanguage\":\"es-CO\"}]}<\/script>\n<!-- \/ Yoast SEO plugin. -->","yoast_head_json":{"title":"Sector Metalmecanico | Inasmec SAS","robots":{"index":"index","follow":"follow","max-snippet":"max-snippet:-1","max-image-preview":"max-image-preview:large","max-video-preview":"max-video-preview:-1"},"canonical":"https:\/\/inasmecsas.com\/index.php\/sector-metalmecanico\/","og_locale":"es_ES","og_type":"article","og_title":"Sector Metalmecanico | Inasmec SAS","og_description":"Inicio Sector Metalmecanico Sector Textilero Sector Petrolero y Energ\u00e9tico Sector Alimenticio BANDAS TRANSPORTADORAS \u00a0 Fabricamos bandas transportadoras modulares accesorios innovadores en Acero [&hellip;]","og_url":"https:\/\/inasmecsas.com\/index.php\/sector-metalmecanico\/","og_site_name":"Inasmec SAS","article_modified_time":"2019-06-11T05:28:06+00:00","og_image":[{"url":"http:\/\/inasmecsas.com\/wp-content\/uploads\/2019\/05\/small-logo.png"}],"twitter_card":"summary_large_image","schema":{"@context":"https:\/\/schema.org","@graph":[{"@type":"WebPage","@id":"https:\/\/inasmecsas.com\/index.php\/sector-metalmecanico\/","url":"https:\/\/inasmecsas.com\/index.php\/sector-metalmecanico\/","name":"Sector Metalmecanico | Inasmec SAS","isPartOf":{"@id":"https:\/\/inasmecsas.com\/#website"},"primaryImageOfPage":{"@id":"https:\/\/inasmecsas.com\/index.php\/sector-metalmecanico\/#primaryimage"},"image":{"@id":"https:\/\/inasmecsas.com\/index.php\/sector-metalmecanico\/#primaryimage"},"thumbnailUrl":"http:\/\/inasmecsas.com\/wp-content\/uploads\/2019\/05\/small-logo.png","datePublished":"2019-06-11T03:54:44+00:00","dateModified":"2019-06-11T05:28:06+00:00","breadcrumb":{"@id":"https:\/\/inasmecsas.com\/index.php\/sector-metalmecanico\/#breadcrumb"},"inLanguage":"es-CO","potentialAction":[{"@type":"ReadAction","target":["https:\/\/inasmecsas.com\/index.php\/sector-metalmecanico\/"]}]},{"@type":"ImageObject","inLanguage":"es-CO","@id":"https:\/\/inasmecsas.com\/index.php\/sector-metalmecanico\/#primaryimage","url":"https:\/\/inasmecsas.com\/wp-content\/uploads\/2019\/05\/small-logo.png","contentUrl":"https:\/\/inasmecsas.com\/wp-content\/uploads\/2019\/05\/small-logo.png","width":144,"height":119},{"@type":"BreadcrumbList","@id":"https:\/\/inasmecsas.com\/index.php\/sector-metalmecanico\/#breadcrumb","itemListElement":[{"@type":"ListItem","position":1,"name":"Home","item":"https:\/\/inasmecsas.com\/"},{"@type":"ListItem","position":2,"name":"Sector Metalmecanico"}]},{"@type":"WebSite","@id":"https:\/\/inasmecsas.com\/#website","url":"https:\/\/inasmecsas.com\/","name":"Inasmec SAS","description":"Just another WordPress site","potentialAction":[{"@type":"SearchAction","target":{"@type":"EntryPoint","urlTemplate":"https:\/\/inasmecsas.com\/?s={search_term_string}"},"query-input":"required name=search_term_string"}],"inLanguage":"es-CO"}]}},"_links":{"self":[{"href":"https:\/\/inasmecsas.com\/index.php\/wp-json\/wp\/v2\/pages\/445"}],"collection":[{"href":"https:\/\/inasmecsas.com\/index.php\/wp-json\/wp\/v2\/pages"}],"about":[{"href":"https:\/\/inasmecsas.com\/index.php\/wp-json\/wp\/v2\/types\/page"}],"author":[{"embeddable":true,"href":"https:\/\/inasmecsas.com\/index.php\/wp-json\/wp\/v2\/users\/1"}],"replies":[{"embeddable":true,"href":"https:\/\/inasmecsas.com\/index.php\/wp-json\/wp\/v2\/comments?post=445"}],"version-history":[{"count":2,"href":"https:\/\/inasmecsas.com\/index.php\/wp-json\/wp\/v2\/pages\/445\/revisions"}],"predecessor-version":[{"id":495,"href":"https:\/\/inasmecsas.com\/index.php\/wp-json\/wp\/v2\/pages\/445\/revisions\/495"}],"wp:attachment":[{"href":"https:\/\/inasmecsas.com\/index.php\/wp-json\/wp\/v2\/media?parent=445"}],"curies":[{"name":"wp","href":"https:\/\/api.w.org\/{rel}","templated":true}]}}